{"id":13198,"date":"2020-03-14T19:36:36","date_gmt":"2020-03-14T22:36:36","guid":{"rendered":"https:\/\/cafeouroverde.com.br\/?page_id=13198"},"modified":"2021-03-18T17:36:00","modified_gmt":"2021-03-18T20:36:00","slug":"inicio","status":"publish","type":"page","link":"https:\/\/cafeouroverde.com.br\/","title":{"rendered":"In\u00edcio"},"content":{"rendered":"<style>.elementor-14979 .elementor-element.elementor-element-28437ea.elementor-column > .elementor-column-wrap > .elementor-widget-wrap{justify-content:center;}.elementor-14979 .elementor-element.elementor-element-1c1b58a > .elementor-widget-container{margin:1em 0em 0em 0em;}.elementor-14979 .elementor-element.elementor-element-ea5568f .elementor-image img{width:80%;}.elementor-14979 .elementor-element.elementor-element-ea5568f > .elementor-widget-container{margin:1em 0em 1em 0em;}<\/style>\n<section data-id=\"26c0dc9\" data-element_type=\"section\">\n\t\t\t\t\t\t\t\t\t\t<img decoding=\"async\" width=\"683\" height=\"365\" src=\"https:\/\/cafeouroverde.com.br\/wp-content\/uploads\/2020\/06\/selo-min.png\" alt=\"\" loading=\"lazy\" srcset=\"https:\/\/cafeouroverde.com.br\/wp-content\/uploads\/2020\/06\/selo-min.png 683w, https:\/\/cafeouroverde.com.br\/wp-content\/uploads\/2020\/06\/selo-min-300x160.png 300w\" sizes=\"auto, (max-width: 683px) 100vw, 683px\" \/><br \/>\n\t\t\t\t\t\t\t\t\t\t\t<a href=\"\/cafe-perfeito\/\"><br \/>\n\t\t\t\t\t\t\t<img decoding=\"async\" width=\"263\" height=\"62\" src=\"https:\/\/cafeouroverde.com.br\/wp-content\/uploads\/2019\/06\/botao-saiba-mais-min.png\" alt=\"\" loading=\"lazy\" \/>\t\t\t\t\t\t\t\t<\/a><br \/>\n\t\t<\/section>\n<style>.elementor-14978 .elementor-element.elementor-element-28437ea.elementor-column > .elementor-column-wrap > .elementor-widget-wrap{justify-content:center;}.elementor-14978 .elementor-element.elementor-element-28437ea > .elementor-column-wrap > .elementor-widget-wrap > .elementor-widget:not(.elementor-widget__width-auto):not(.elementor-widget__width-initial):not(:last-child):not(.elementor-absolute){margin-bottom:0px;}.elementor-14978 .elementor-element.elementor-element-75e4b03{text-align:center;width:100%;max-width:100%;align-self:center;}.elementor-14978 .elementor-element.elementor-element-75e4b03 > .elementor-widget-container{margin:1em 0em 1em 0em;}.elementor-14978 .elementor-element.elementor-element-4846c3a .elementor-image img{width:80%;}.elementor-14978 .elementor-element.elementor-element-4846c3a > .elementor-widget-container{margin:1em 0em 1em 0em;}<\/style>\n<section data-id=\"26c0dc9\" data-element_type=\"section\">\n\t\t\t\t\t\t\t\t\t\t<img decoding=\"async\" width=\"683\" height=\"365\" src=\"https:\/\/cafeouroverde.com.br\/wp-content\/uploads\/2020\/06\/seslo-min.png\" alt=\"\" loading=\"lazy\" srcset=\"https:\/\/cafeouroverde.com.br\/wp-content\/uploads\/2020\/06\/seslo-min.png 683w, https:\/\/cafeouroverde.com.br\/wp-content\/uploads\/2020\/06\/seslo-min-300x160.png 300w\" sizes=\"auto, (max-width: 683px) 100vw, 683px\" \/><br \/>\n\t\t\t\t\t\t\t\t\t\t\t<a href=\"\/receitas\/xerem-cremoso\/\"><br \/>\n\t\t\t\t\t\t\t<img decoding=\"async\" width=\"263\" height=\"62\" src=\"https:\/\/cafeouroverde.com.br\/wp-content\/uploads\/2019\/06\/botao-saiba-mais-min.png\" alt=\"\" loading=\"lazy\" \/>\t\t\t\t\t\t\t\t<\/a><br \/>\n\t\t<\/section>\n<p>\t\t\t\t\t\t\t\t\t\t<img decoding=\"async\" width=\"774\" height=\"609\" src=\"https:\/\/cafeouroverde.com.br\/wp-content\/uploads\/2020\/06\/coffee-bean.png\" alt=\"\" loading=\"lazy\" srcset=\"https:\/\/cafeouroverde.com.br\/wp-content\/uploads\/2020\/06\/coffee-bean.png 774w, https:\/\/cafeouroverde.com.br\/wp-content\/uploads\/2020\/06\/coffee-bean-300x236.png 300w, https:\/\/cafeouroverde.com.br\/wp-content\/uploads\/2020\/06\/coffee-bean-768x604.png 768w, https:\/\/cafeouroverde.com.br\/wp-content\/uploads\/2020\/06\/coffee-bean-674x530.png 674w, https:\/\/cafeouroverde.com.br\/wp-content\/uploads\/2020\/06\/coffee-bean-480x378.png 480w, https:\/\/cafeouroverde.com.br\/wp-content\/uploads\/2020\/06\/coffee-bean-600x472.png 600w\" sizes=\"auto, (max-width: 774px) 100vw, 774px\" \/><br \/>\n\t\t\t<img decoding=\"async\" src=\"https:\/\/cafeouroverde.com.br\/wp-content\/uploads\/2020\/06\/coffee-smoke.png\" alt=\".\"><img decoding=\"async\" src=\"https:\/\/cafeouroverde.com.br\/wp-content\/uploads\/2020\/06\/coffee-smoke.png\" alt=\".\"><img decoding=\"async\" src=\"https:\/\/cafeouroverde.com.br\/wp-content\/uploads\/2020\/06\/coffee-smoke.png\" alt=\".\"><img decoding=\"async\" src=\"https:\/\/cafeouroverde.com.br\/wp-content\/uploads\/2020\/06\/coffee-smoke.png\" alt=\".\"><img decoding=\"async\" src=\"https:\/\/cafeouroverde.com.br\/wp-content\/uploads\/2020\/06\/coffee-smoke.png\" alt=\".\"><img decoding=\"async\" src=\"https:\/\/cafeouroverde.com.br\/wp-content\/uploads\/2020\/06\/coffee-smoke.png\" alt=\".\">\t\t<\/p>\n<h6>Processo de<br \/>\nAvalia\u00e7\u00e3o do Caf\u00e9<\/h6>\n<p>\t\t[pods name=&#8221;preparacao_do_cafe&#8221; limit=&#8221;1&#8243; template=&#8221;Caf\u00e9sPrepara\u00e7\u00e3oHome&#8221;]\t\t<\/p>\n<ul>\n<li>  Queima natural de gordura<br \/>\n  Acelera o metabolismo ajudando no emagrecimento.\n<\/li>\n<li>  Fortalece a mem\u00f3ria<br \/>\n  Melhor reten\u00e7\u00e3o de mem\u00f3ria em pessoas que consumem mais cafe\u00edna.\n<\/li>\n<li>  Aumenta a expectativa de vida<br \/>\n  Previne v\u00e1rias doen\u00e7as dependendo do consumo di\u00e1rio e moderado.\n<\/li>\n<\/ul>\n<p>\t\t\t\t\t\t\t\t\t\t<img decoding=\"async\" width=\"1024\" height=\"868\" src=\"https:\/\/cafeouroverde.com.br\/wp-content\/uploads\/2021\/01\/CUP_collage-1024x868.jpg\" alt=\"\" loading=\"lazy\" srcset=\"https:\/\/cafeouroverde.com.br\/wp-content\/uploads\/2021\/01\/CUP_collage-1024x868.jpg 1024w, https:\/\/cafeouroverde.com.br\/wp-content\/uploads\/2021\/01\/CUP_collage-300x254.jpg 300w, https:\/\/cafeouroverde.com.br\/wp-content\/uploads\/2021\/01\/CUP_collage-768x651.jpg 768w, https:\/\/cafeouroverde.com.br\/wp-content\/uploads\/2021\/01\/CUP_collage-625x530.jpg 625w, https:\/\/cafeouroverde.com.br\/wp-content\/uploads\/2021\/01\/CUP_collage-800x678.jpg 800w, https:\/\/cafeouroverde.com.br\/wp-content\/uploads\/2021\/01\/CUP_collage-480x407.jpg 480w, https:\/\/cafeouroverde.com.br\/wp-content\/uploads\/2021\/01\/CUP_collage-600x509.jpg 600w, https:\/\/cafeouroverde.com.br\/wp-content\/uploads\/2021\/01\/CUP_collage.jpg 1510w\" sizes=\"auto, (max-width: 1024px) 100vw, 1024px\" \/>\t\t\t\t\t\t\t\t\t\t\t<\/p>\n<ul>\n<li>  Energia di\u00e1ria  Energia na medida certa para atividades f\u00edsicas.\n<\/li>\n<li>  Diminui o diabetes  O consumo equilibrado pode diminuir a glicemia no sangue.\n<\/li>\n<li>  Fortalece o cora\u00e7\u00e3o<br \/>\n  3 a 5 x\u00edcaras por dia ajuda a diminuir o risco de press\u00e3o alta em 50%.<\/li>\n<\/ul>\n","protected":false},"excerpt":{"rendered":"<p>Processo de Avalia\u00e7\u00e3o do Caf\u00e9 [pods name=&#8221;preparacao_do_cafe&#8221; limit=&#8221;1&#8243; template=&#8221;Caf\u00e9sPrepara\u00e7\u00e3oHome&#8221;] Queima natural de gordura Acelera o metabolismo ajudando no emagrecimento. Fortalece a mem\u00f3ria Melhor reten\u00e7\u00e3o de mem\u00f3ria em pessoas que consumem mais cafe\u00edna. Aumenta a expectativa de vida Previne v\u00e1rias doen\u00e7as dependendo do consumo di\u00e1rio e moderado. Energia di\u00e1ria Energia na medida certa para atividades f\u00edsicas. [&hellip;]<\/p>\n","protected":false},"author":1,"featured_media":0,"parent":0,"menu_order":0,"comment_status":"closed","ping_status":"closed","template":"page-templates\/full-width.php","meta":{"footnotes":""},"class_list":["post-13198","page","type-page","status-publish","hentry"],"_links":{"self":[{"href":"https:\/\/cafeouroverde.com.br\/index.php?rest_route=\/wp\/v2\/pages\/13198","targetHints":{"allow":["GET"]}}],"collection":[{"href":"https:\/\/cafeouroverde.com.br\/index.php?rest_route=\/wp\/v2\/pages"}],"about":[{"href":"https:\/\/cafeouroverde.com.br\/index.php?rest_route=\/wp\/v2\/types\/page"}],"author":[{"embeddable":true,"href":"https:\/\/cafeouroverde.com.br\/index.php?rest_route=\/wp\/v2\/users\/1"}],"replies":[{"embeddable":true,"href":"https:\/\/cafeouroverde.com.br\/index.php?rest_route=%2Fwp%2Fv2%2Fcomments&post=13198"}],"version-history":[{"count":124,"href":"https:\/\/cafeouroverde.com.br\/index.php?rest_route=\/wp\/v2\/pages\/13198\/revisions"}],"predecessor-version":[{"id":17046,"href":"https:\/\/cafeouroverde.com.br\/index.php?rest_route=\/wp\/v2\/pages\/13198\/revisions\/17046"}],"wp:attachment":[{"href":"https:\/\/cafeouroverde.com.br\/index.php?rest_route=%2Fwp%2Fv2%2Fmedia&parent=13198"}],"curies":[{"name":"wp","href":"https:\/\/api.w.org\/{rel}","templated":true}]}}